{"id":2446,"date":"2025-06-26T12:26:38","date_gmt":"2025-06-26T12:26:38","guid":{"rendered":"https:\/\/www.eduap.com\/?page_id=2446\/"},"modified":"2026-01-07T10:07:23","modified_gmt":"2026-01-07T10:07:23","slug":"salgsbetingelser","status":"publish","type":"page","link":"https:\/\/www.eduap.com\/da\/salgsbetingelser\/","title":{"rendered":"Salgsbetingelser og privatlivspolitik for WordMat+ til private"},"content":{"rendered":"\n<h2 class=\"wp-block-heading\">Salgsbetingelser og privatlivspolitik for WordMat+ til private<\/h2>\n\n\n\n<p>Eduap<br>Harev\u00e6nget 125<br>5800 Nyborg<br>eduap@eduap.com<br>cvr-nr.: 34388962<\/p>\n\n\n\n<p><strong>Produktbeskrivelse<br><\/strong>WordMat+ er et tilf\u00f8jelsesprogram til Microsoft Word, som udvider funktionaliteten med matematiske og tekniske v\u00e6rkt\u00f8jer. For at kunne anvende WordMat+ kr\u00e6ves en gyldig og fungerende installation af Microsoft Word.<\/p>\n\n\n\n<p>Funktionerne i programmet fremg\u00e5r p\u00e5 hjemmesiden eduap.com og i manualen p\u00e5 <a href=\"http:\/\/www.eduap.com\/wordmatdoc\">www.eduap.com\/wordmatdoc<\/a>. Funktionerne tilpasses l\u00f8bende ved opdateringer af programmet. <br>Ved k\u00f8b af WordMat+ vil programmet blive aktiveret umiddelbart efter k\u00f8bet.<\/p>\n\n\n\n<p><strong>Krav til system og kompatibilitet<\/strong><br>WordMat+ er afh\u00e6ngig af Microsoft Word og operativsystemets funktionalitet. \u00c6ndringer i Microsoft Word, f.eks. via opdateringer, versioner eller konfigurations\u00e6ndringer, kan p\u00e5virke WordMat+\u2019s funktion. Det er brugerens ansvar at sikre kompatibilitet mellem deres version af Word og WordMat+. Udvikleren kan ikke holdes ansvarlig for fejl eller nedsat funktionalitet som f\u00f8lge af \u00e6ndringer i tredjepartssoftware.<\/p>\n\n\n\n<p><strong>Betaling<\/strong><br>Alle bel\u00f8b er angivet i danske kroner (DKK), inklusiv moms.<br>Eduap tager imod online betalinger med; Dankort, Visa\/Dankort, Visa, Mobilepay Online. Vi p\u00e5l\u00e6gger ikke dit k\u00f8b nogle former for transaktionsgebyr.<br>Betalingen af ordren bliver trukket fra din konto ved bestilling, og din ydelse vil v\u00e6re tilg\u00e6ngelig med det samme. <br>Eduap benytter en sikker betalingsserver, der krypterer alle oplysninger, hvilket betyder, at forbindelsen er helt sikker.<\/p>\n\n\n\n<p><strong>Fortrydelsesret<\/strong><br>Ved betaling af WordMat+ er programmet allerede installeret, og bliver blot aktiveret. <strong>Ved betaling <\/strong><br><strong>giver du samtykke til, at leveringen af ydelsen begynder straks, og at fortrydelsesretten dermed bortfalder.<\/strong><\/p>\n\n\n\n<p><strong>Reklamationsret<\/strong><br>Du har 2 \u00e5rs reklamationsret i henhold til k\u00f8beloven. Reklamationen d\u00e6kker fejl og mangler ved programmet, som ikke skyldes brugerens eget udstyr eller \u00e6ndringer i tredjepartssoftware. Reklamationsretten g\u00e6lder ikke for problemer relateret til brugerens antivirus- eller sikkerhedssoftware. Kontakt leverand\u00f8ren af disse, hvis de fejlagtigt forhindrer WordMat+ i at virke.<\/p>\n\n\n\n<p><strong>Support<br><\/strong>Der ydes ikke support til anvendelsen af programmet. Se <a href=\"http:\/\/www.eduap.com\/wordmatdoc\">www.eduap.com\/wordmatdoc<\/a> for manual.<br>Virker WordMat+ ikke som lovet, i henhold til den 2-\u00e5rige reklamationsret, kontakt via e-mail.<br>Bem\u00e6rk at dette ikke vedr\u00f8rer WordMat, men kun WordMat+.<\/p>\n\n\n\n<p><strong>Licens<\/strong><br>WordMat+ s\u00e6lges som en licens til personligt brug p\u00e5 den computer som k\u00f8bet er foretaget p\u00e5. Licensen er bundet til den p\u00e5g\u00e6ldende computer, men er ikke tidsbegr\u00e6nset. Frav\u00e6ret af tidsbegr\u00e6nsning betyder ikke at det garanteres at programmet vil virke i al uendelighed, i henhold til reklamationsret &amp;  ansvarsbegr\u00e6nsning.<br>Det er ikke tilladt at videredistribuere, \u00e6ndre eller kopiere programmet.<\/p>\n\n\n\n<p><strong>Ansvarsbegr\u00e6nsning<br><\/strong>Udvikleren af WordMat+ fraskriver sig ethvert ansvar for direkte eller indirekte tab, der m\u00e5tte opst\u00e5 som f\u00f8lge af brug af programmet, herunder \u2013 men ikke begr\u00e6nset til \u2013 tab af data, driftsforstyrrelser eller inkompatibilitet med fremtidige versioner af Microsoft Word.<\/p>\n\n\n\n<p><strong>Persondata<br><\/strong>N\u00e5r du k\u00f8ber en ydelse og selv videregiver oplysningerne, modtager vi kundedata. Som dataansvarlig behandler vi dine personoplysninger sikkert og fortroligt. Eduap gemmer kun din email, land og et hardware id, der kan identificere din computer. Dine personoplysninger bliver kun anvendt og opbevaret til de form\u00e5l, de er samlet ind til. Hardwareid anvendes til at knytte licensen til din computer og email til at udsende aktiveringskoder og til identifikation ved support. Land anvendes til momsbetaling via OSS.<\/p>\n\n\n\n<p>Vi anvender tredjepart i forbindelse med selve betalingen, som ikke er udviklet af Eduap. Vi har indg\u00e5et databehandleraftale med vores partner som garanti for, at de overholder g\u00e6ldende regler om beskyttelse af personoplysninger. Der er en aftale med Stripe som betalingsleverand\u00f8r. Der kan ske overf\u00f8rsel til 3. land (USA) i henhold til EU standard contract clause. Stripe gemmer betalingsoplysningerne: navn, adresse, ip-adresse. Det er n\u00f8dvendigt i henhold til lovgivning om bogf\u00f8ring og hvidvasksningsregler, og for at kunne opkr\u00e6ve korrekt moms.<\/p>\n\n\n\n<h3 class=\"wp-block-heading\">Klager og tvistl\u00f8sning<\/h3>\n\n\n\n<p><strong>Klager<\/strong><br>Har du en klage over dit k\u00f8b af WordMat+, bedes du kontakte os skriftligt p\u00e5 <a>eduap@eduap.com<\/a>. Vi bestr\u00e6ber os p\u00e5 at besvare alle henvendelser inden for 5 hverdage.<\/p>\n\n\n\n<p><strong>Tvistl\u00f8sning<\/strong><br>Kan vi ikke sammen finde en l\u00f8sning, har du som forbruger mulighed for at indgive en klage til:<\/p>\n\n\n\n<p><strong>Center for Klagel\u00f8sning<\/strong><br>N\u00e6vnenes Hus<br>Toldboden 2<br>8800 Viborg<br><a href=\"http:\/\/www.naevneneshus.dk\">www.naevneneshus.dk<\/a><\/p>\n\n\n\n<p>Du kan ogs\u00e5 anvende EU-Kommissionens online klageportal, hvilket is\u00e6r er relevant, hvis du bor i et andet EU-land:<br><a>https:\/\/ec.europa.eu\/odr<\/a><\/p>\n\n\n\n<p><strong>\u00c6ndringer af betingelser<br><\/strong>Salgsbetingelser kan l\u00f8bende opdateres. G\u00e6ldende betingelser vil altid v\u00e6re tilg\u00e6ngelige p\u00e5 <a href=\"https:\/\/www.eduap.com\/da\/salgsbetingelser\">https:\/\/www.eduap.com\/da\/salgsbetingelser<\/a><\/p>\n\n\n\n<p><\/p>\n","protected":false},"excerpt":{"rendered":"<p>Salgsbetingelser og privatlivspolitik for WordMat+ til private EduapHarev\u00e6nget 1255800 Nyborgeduap@eduap.comcvr-nr.: 34388962 ProduktbeskrivelseWordMat+ er et tilf\u00f8jelsesprogram til Microsoft Word, som udvider funktionaliteten med matematiske og tekniske v\u00e6rkt\u00f8jer. For at kunne anvende WordMat+ kr\u00e6ves en gyldig og fungerende installation af Microsoft Word. Funktionerne i programmet fremg\u00e5r p\u00e5 hjemmesiden eduap.com og i manualen p\u00e5 www.eduap.com\/wordmatdoc. Funktionerne tilpasses l\u00f8bende [&hellip;]<\/p>\n","protected":false},"author":4,"featured_media":0,"parent":0,"menu_order":0,"comment_status":"closed","ping_status":"closed","template":"","meta":{"_monsterinsights_skip_tracking":false,"_monsterinsights_sitenote_active":false,"_monsterinsights_sitenote_note":"","_monsterinsights_sitenote_category":0,"footnotes":""},"class_list":["post-2446","page","type-page","status-publish","hentry"],"yoast_head":"<!-- This site is optimized with the Yoast SEO plugin v26.1.1 - https:\/\/yoast.com\/wordpress\/plugins\/seo\/ -->\n<title>Salgsbetingelser og privatlivspolitik for WordMat+ til private - EDUAP<\/title>\n<meta name=\"robots\" content=\"index, follow, max-snippet:-1, max-image-preview:large, max-video-preview:-1\" \/>\n<link rel=\"canonical\" href=\"https:\/\/www.eduap.com\/da\/salgsbetingelser\/\" \/>\n<meta property=\"og:locale\" content=\"da_DK\" \/>\n<meta property=\"og:type\" content=\"article\" \/>\n<meta property=\"og:title\" content=\"Salgsbetingelser og privatlivspolitik for WordMat+ til private - EDUAP\" \/>\n<meta property=\"og:description\" content=\"Salgsbetingelser og privatlivspolitik for WordMat+ til private EduapHarev\u00e6nget 1255800 Nyborgeduap@eduap.comcvr-nr.: 34388962 ProduktbeskrivelseWordMat+ er et tilf\u00f8jelsesprogram til Microsoft Word, som udvider funktionaliteten med matematiske og tekniske v\u00e6rkt\u00f8jer. For at kunne anvende WordMat+ kr\u00e6ves en gyldig og fungerende installation af Microsoft Word. Funktionerne i programmet fremg\u00e5r p\u00e5 hjemmesiden eduap.com og i manualen p\u00e5 www.eduap.com\/wordmatdoc. Funktionerne tilpasses l\u00f8bende [&hellip;]\" \/>\n<meta property=\"og:url\" content=\"https:\/\/www.eduap.com\/da\/salgsbetingelser\/\" \/>\n<meta property=\"og:site_name\" content=\"EDUAP\" \/>\n<meta property=\"article:publisher\" content=\"https:\/\/www.facebook.com\/wordmat\/\" \/>\n<meta property=\"article:modified_time\" content=\"2026-01-07T10:07:23+00:00\" \/>\n<meta property=\"og:image\" content=\"https:\/\/www.eduap.com\/wp-content\/uploads\/2017\/03\/logocolor.png\" \/>\n\t<meta property=\"og:image:width\" content=\"279\" \/>\n\t<meta property=\"og:image:height\" content=\"60\" \/>\n\t<meta property=\"og:image:type\" content=\"image\/png\" \/>\n<meta name=\"twitter:card\" content=\"summary_large_image\" \/>\n<meta name=\"twitter:label1\" content=\"Est. reading time\" \/>\n\t<meta name=\"twitter:data1\" content=\"3 minutes\" \/>\n<script type=\"application\/ld+json\" class=\"yoast-schema-graph\">{\"@context\":\"https:\/\/schema.org\",\"@graph\":[{\"@type\":\"WebPage\",\"@id\":\"https:\/\/www.eduap.com\/da\/salgsbetingelser\/\",\"url\":\"https:\/\/www.eduap.com\/da\/salgsbetingelser\/\",\"name\":\"Salgsbetingelser og privatlivspolitik for WordMat+ til private - EDUAP\",\"isPartOf\":{\"@id\":\"https:\/\/www.eduap.com\/da\/#website\"},\"datePublished\":\"2025-06-26T12:26:38+00:00\",\"dateModified\":\"2026-01-07T10:07:23+00:00\",\"breadcrumb\":{\"@id\":\"https:\/\/www.eduap.com\/da\/salgsbetingelser\/#breadcrumb\"},\"inLanguage\":\"da-DK\",\"potentialAction\":[{\"@type\":\"ReadAction\",\"target\":[\"https:\/\/www.eduap.com\/da\/salgsbetingelser\/\"]}]},{\"@type\":\"BreadcrumbList\",\"@id\":\"https:\/\/www.eduap.com\/da\/salgsbetingelser\/#breadcrumb\",\"itemListElement\":[{\"@type\":\"ListItem\",\"position\":1,\"name\":\"Home\",\"item\":\"https:\/\/www.eduap.com\/da\/\"},{\"@type\":\"ListItem\",\"position\":2,\"name\":\"Salgsbetingelser og privatlivspolitik for WordMat+ til private\"}]},{\"@type\":\"WebSite\",\"@id\":\"https:\/\/www.eduap.com\/da\/#website\",\"url\":\"https:\/\/www.eduap.com\/da\/\",\"name\":\"EDUAP\",\"description\":\"Educational Applications\",\"publisher\":{\"@id\":\"https:\/\/www.eduap.com\/da\/#organization\"},\"potentialAction\":[{\"@type\":\"SearchAction\",\"target\":{\"@type\":\"EntryPoint\",\"urlTemplate\":\"https:\/\/www.eduap.com\/da\/?s={search_term_string}\"},\"query-input\":{\"@type\":\"PropertyValueSpecification\",\"valueRequired\":true,\"valueName\":\"search_term_string\"}}],\"inLanguage\":\"da-DK\"},{\"@type\":\"Organization\",\"@id\":\"https:\/\/www.eduap.com\/da\/#organization\",\"name\":\"EDUAP\",\"url\":\"https:\/\/www.eduap.com\/da\/\",\"logo\":{\"@type\":\"ImageObject\",\"inLanguage\":\"da-DK\",\"@id\":\"https:\/\/www.eduap.com\/da\/#\/schema\/logo\/image\/\",\"url\":\"https:\/\/www.eduap.com\/wp-content\/uploads\/2017\/03\/logocolor.png\",\"contentUrl\":\"https:\/\/www.eduap.com\/wp-content\/uploads\/2017\/03\/logocolor.png\",\"width\":279,\"height\":60,\"caption\":\"EDUAP\"},\"image\":{\"@id\":\"https:\/\/www.eduap.com\/da\/#\/schema\/logo\/image\/\"},\"sameAs\":[\"https:\/\/www.facebook.com\/wordmat\/\"]}]}<\/script>\n<!-- \/ Yoast SEO plugin. -->","yoast_head_json":{"title":"Salgsbetingelser og privatlivspolitik for WordMat+ til private - EDUAP","robots":{"index":"index","follow":"follow","max-snippet":"max-snippet:-1","max-image-preview":"max-image-preview:large","max-video-preview":"max-video-preview:-1"},"canonical":"https:\/\/www.eduap.com\/da\/salgsbetingelser\/","og_locale":"da_DK","og_type":"article","og_title":"Salgsbetingelser og privatlivspolitik for WordMat+ til private - EDUAP","og_description":"Salgsbetingelser og privatlivspolitik for WordMat+ til private EduapHarev\u00e6nget 1255800 Nyborgeduap@eduap.comcvr-nr.: 34388962 ProduktbeskrivelseWordMat+ er et tilf\u00f8jelsesprogram til Microsoft Word, som udvider funktionaliteten med matematiske og tekniske v\u00e6rkt\u00f8jer. For at kunne anvende WordMat+ kr\u00e6ves en gyldig og fungerende installation af Microsoft Word. Funktionerne i programmet fremg\u00e5r p\u00e5 hjemmesiden eduap.com og i manualen p\u00e5 www.eduap.com\/wordmatdoc. Funktionerne tilpasses l\u00f8bende [&hellip;]","og_url":"https:\/\/www.eduap.com\/da\/salgsbetingelser\/","og_site_name":"EDUAP","article_publisher":"https:\/\/www.facebook.com\/wordmat\/","article_modified_time":"2026-01-07T10:07:23+00:00","og_image":[{"width":279,"height":60,"url":"https:\/\/www.eduap.com\/wp-content\/uploads\/2017\/03\/logocolor.png","type":"image\/png"}],"twitter_card":"summary_large_image","twitter_misc":{"Est. reading time":"3 minutes"},"schema":{"@context":"https:\/\/schema.org","@graph":[{"@type":"WebPage","@id":"https:\/\/www.eduap.com\/da\/salgsbetingelser\/","url":"https:\/\/www.eduap.com\/da\/salgsbetingelser\/","name":"Salgsbetingelser og privatlivspolitik for WordMat+ til private - EDUAP","isPartOf":{"@id":"https:\/\/www.eduap.com\/da\/#website"},"datePublished":"2025-06-26T12:26:38+00:00","dateModified":"2026-01-07T10:07:23+00:00","breadcrumb":{"@id":"https:\/\/www.eduap.com\/da\/salgsbetingelser\/#breadcrumb"},"inLanguage":"da-DK","potentialAction":[{"@type":"ReadAction","target":["https:\/\/www.eduap.com\/da\/salgsbetingelser\/"]}]},{"@type":"BreadcrumbList","@id":"https:\/\/www.eduap.com\/da\/salgsbetingelser\/#breadcrumb","itemListElement":[{"@type":"ListItem","position":1,"name":"Home","item":"https:\/\/www.eduap.com\/da\/"},{"@type":"ListItem","position":2,"name":"Salgsbetingelser og privatlivspolitik for WordMat+ til private"}]},{"@type":"WebSite","@id":"https:\/\/www.eduap.com\/da\/#website","url":"https:\/\/www.eduap.com\/da\/","name":"EDUAP","description":"Educational Applications","publisher":{"@id":"https:\/\/www.eduap.com\/da\/#organization"},"potentialAction":[{"@type":"SearchAction","target":{"@type":"EntryPoint","urlTemplate":"https:\/\/www.eduap.com\/da\/?s={search_term_string}"},"query-input":{"@type":"PropertyValueSpecification","valueRequired":true,"valueName":"search_term_string"}}],"inLanguage":"da-DK"},{"@type":"Organization","@id":"https:\/\/www.eduap.com\/da\/#organization","name":"EDUAP","url":"https:\/\/www.eduap.com\/da\/","logo":{"@type":"ImageObject","inLanguage":"da-DK","@id":"https:\/\/www.eduap.com\/da\/#\/schema\/logo\/image\/","url":"https:\/\/www.eduap.com\/wp-content\/uploads\/2017\/03\/logocolor.png","contentUrl":"https:\/\/www.eduap.com\/wp-content\/uploads\/2017\/03\/logocolor.png","width":279,"height":60,"caption":"EDUAP"},"image":{"@id":"https:\/\/www.eduap.com\/da\/#\/schema\/logo\/image\/"},"sameAs":["https:\/\/www.facebook.com\/wordmat\/"]}]}},"_links":{"self":[{"href":"https:\/\/www.eduap.com\/da\/wp-json\/wp\/v2\/pages\/2446","targetHints":{"allow":["GET"]}}],"collection":[{"href":"https:\/\/www.eduap.com\/da\/wp-json\/wp\/v2\/pages"}],"about":[{"href":"https:\/\/www.eduap.com\/da\/wp-json\/wp\/v2\/types\/page"}],"author":[{"embeddable":true,"href":"https:\/\/www.eduap.com\/da\/wp-json\/wp\/v2\/users\/4"}],"replies":[{"embeddable":true,"href":"https:\/\/www.eduap.com\/da\/wp-json\/wp\/v2\/comments?post=2446"}],"version-history":[{"count":9,"href":"https:\/\/www.eduap.com\/da\/wp-json\/wp\/v2\/pages\/2446\/revisions"}],"predecessor-version":[{"id":2642,"href":"https:\/\/www.eduap.com\/da\/wp-json\/wp\/v2\/pages\/2446\/revisions\/2642"}],"wp:attachment":[{"href":"https:\/\/www.eduap.com\/da\/wp-json\/wp\/v2\/media?parent=2446"}],"curies":[{"name":"wp","href":"https:\/\/api.w.org\/{rel}","templated":true}]}}